{"id":271,"date":"2023-08-17T10:21:52","date_gmt":"2023-08-17T08:21:52","guid":{"rendered":"https:\/\/jusnaturae.com\/?page_id=271"},"modified":"2026-01-11T10:39:45","modified_gmt":"2026-01-11T09:39:45","slug":"impressum","status":"publish","type":"page","link":"https:\/\/jusnaturae.com\/en\/impressum\/","title":{"rendered":"Impressum"},"content":{"rendered":"<div data-elementor-type=\"wp-page\" data-elementor-id=\"271\" class=\"elementor elementor-271\" data-elementor-post-type=\"page\">\n\t\t\t\t<div class=\"elementor-element elementor-element-7cbecb3 e-flex e-con-boxed e-con e-parent\" data-id=\"7cbecb3\" data-element_type=\"container\" data-e-type=\"container\">\n\t\t\t\t\t<div class=\"e-con-inner\">\n\t\t\t\t<div class=\"elementor-element elementor-element-245ca07 elementor-widget elementor-widget-text-editor\" data-id=\"245ca07\" data-element_type=\"widget\" data-e-type=\"widget\" data-widget_type=\"text-editor.default\">\n\t\t\t\t<div class=\"elementor-widget-container\">\n\t\t\t\t\t\t\t\t\t<h1 style=\"font-family: Rufina, sans-serif; color: #333333; caret-color: #333333;\"><strong>IMPRESSUM<\/strong><\/h1><h3 style=\"font-family: Rufina, sans-serif; color: #333333; caret-color: #333333;\"><b style=\"font-family: var( --e-global-typography-text-font-family ), Sans-serif; font-size: 1rem;\">Weingut Jus Naturae<\/b><\/h3><p><span style=\"font-family: var( --e-global-typography-text-font-family ), Sans-serif; font-weight: var( --e-global-typography-text-font-weight ); font-size: 1rem;\">Gesch\u00e4ftsf\u00fchrung <\/span><span style=\"font-family: var( --e-global-typography-text-font-family ), Sans-serif; font-size: 1rem;\"><b>Florian Wecker<\/b><\/span><span style=\"font-family: var( --e-global-typography-text-font-family ), Sans-serif; font-weight: var( --e-global-typography-text-font-weight ); font-size: 1rem;\">,\u00a0<\/span><\/p><p><span style=\"font-family: var( --e-global-typography-text-font-family ), Sans-serif; font-weight: var( --e-global-typography-text-font-weight ); font-size: 1rem;\">Bachstra\u00dfe 2, 56841 Traben-Trarbach\/Mosel, Deutschland<\/span><\/p><p>USt.IDNr. DE291384513<\/p><p>Tel: +49<span style=\"caret-color: #333333;\">177 7933717<\/span>,<\/p><p>E-Mail: info@jusnaturae.com,\u00a0<\/p><h3 style=\"font-family: Rufina, sans-serif; color: #333333; caret-color: #333333;\">\u00a7 Au\u00dfergerichtliche Schlichtungsm\u00f6glichkeiten:<\/h3><p>Im Falle von Streitigkeiten aus Online-Kaufvertr\u00e4gen oder Online-Dienstvertr\u00e4gen kann eine von der Europ\u00e4ischen Union zur Verf\u00fcgung gestellte OS-Plattform zur Beilegung dieser Streitigkeiten genutzt werden, soweit diese von der Europ\u00e4ischen Union tats\u00e4chlich zur Verf\u00fcgung gestellt wird.<\/p><p>Die Plattform soll hier erreichbar sein:\u00a0<a href=\"http:\/\/ec.europa.eu\/consumers\/odr\/\" target=\"_blank\" rel=\"noopener\">http:\/\/ec.europa.eu\/consumers\/odr\/<\/a><\/p><p>Unsere E-Mail-Adresse lautet: info@jusnaturae.com<\/p>\t\t\t\t\t\t\t\t<\/div>\n\t\t\t\t<\/div>\n\t\t\t\t\t<\/div>\n\t\t\t\t<\/div>\n\t\t\t\t<\/div>","protected":false},"excerpt":{"rendered":"<p>IMPRESSUM Weingut Jus Naturae Gesch\u00e4ftsf\u00fchrung Florian Wecker,\u00a0 Bachstra\u00dfe 2, 56841 Traben-Trarbach\/Mosel, Deutschland USt.IDNr. DE291384513 Tel: +49177 7933717, E-Mail: info@jusnaturae.com,\u00a0 \u00a7 Au\u00dfergerichtliche Schlichtungsm\u00f6glichkeiten: Im Falle von Streitigkeiten aus Online-Kaufvertr\u00e4gen oder Online-Dienstvertr\u00e4gen kann eine von der Europ\u00e4ischen Union zur Verf\u00fcgung gestellte OS-Plattform zur Beilegung dieser Streitigkeiten genutzt werden, soweit diese von der Europ\u00e4ischen Union tats\u00e4chlich zur Verf\u00fcgung [&hellip;]<\/p>\n","protected":false},"author":2,"featured_media":0,"parent":0,"menu_order":0,"comment_status":"closed","ping_status":"closed","template":"elementor_header_footer","meta":{"footnotes":""},"class_list":["post-271","page","type-page","status-publish","hentry"],"jetpack_sharing_enabled":true,"_links":{"self":[{"href":"https:\/\/jusnaturae.com\/en\/wp-json\/wp\/v2\/pages\/271","targetHints":{"allow":["GET"]}}],"collection":[{"href":"https:\/\/jusnaturae.com\/en\/wp-json\/wp\/v2\/pages"}],"about":[{"href":"https:\/\/jusnaturae.com\/en\/wp-json\/wp\/v2\/types\/page"}],"author":[{"embeddable":true,"href":"https:\/\/jusnaturae.com\/en\/wp-json\/wp\/v2\/users\/2"}],"replies":[{"embeddable":true,"href":"https:\/\/jusnaturae.com\/en\/wp-json\/wp\/v2\/comments?post=271"}],"version-history":[{"count":6,"href":"https:\/\/jusnaturae.com\/en\/wp-json\/wp\/v2\/pages\/271\/revisions"}],"predecessor-version":[{"id":1337,"href":"https:\/\/jusnaturae.com\/en\/wp-json\/wp\/v2\/pages\/271\/revisions\/1337"}],"wp:attachment":[{"href":"https:\/\/jusnaturae.com\/en\/wp-json\/wp\/v2\/media?parent=271"}],"curies":[{"name":"wp","href":"https:\/\/api.w.org\/{rel}","templated":true}]}}