{"id":655,"date":"2023-11-04T16:22:06","date_gmt":"2023-11-04T15:22:06","guid":{"rendered":"https:\/\/jusnaturae.com\/?post_type=product&#038;p=655"},"modified":"2023-12-05T06:42:05","modified_gmt":"2023-12-05T05:42:05","slug":"ri_orange-2020","status":"publish","type":"product","link":"https:\/\/jusnaturae.com\/en\/product\/ri_orange-2020\/","title":{"rendered":"Ri_Orange 2020"},"content":{"rendered":"<p>Complex orange wine made from Riesling grapes. The wine has a beautiful structure thanks to the tannins extracted during the three-week maceration. More than two years of ageing in barriques have rounded off the tannins, making the wine balanced and lively without losing its structure and complexity. The wine's flavours are reminiscent of a mixture of wild herbs with a hint of spice and smoke. Nevertheless, a tangy freshness and minerality remain.<\/p>","protected":false},"excerpt":{"rendered":"<p>Komplexer Orangewein aus Rieslingtrauben. Der Wein hat eine sch\u00f6ne Struktur dank der Gerbstoffe, die w\u00e4hrend der dreiw\u00f6chigen Mazeration extrahiert wurden. Mehr als zwei Jahre Ausbau im Barrique haben die Tannine abgerundet, was den Wein ausgewogen und lebendig macht, ohne seine Struktur und Komplexit\u00e4t zu verlieren. Die Aromen des Weins erinnern an eine Mischung aus wilden [&hellip;]<\/p>\n","protected":false},"featured_media":287,"template":"","meta":[],"product_brand":[],"product_cat":[46],"product_tag":[],"class_list":{"0":"post-655","1":"product","2":"type-product","3":"status-publish","4":"has-post-thumbnail","6":"product_cat-nudus","8":"first","9":"instock","10":"taxable","11":"shipping-taxable","12":"purchasable","13":"product-type-simple"},"jetpack_sharing_enabled":true,"_links":{"self":[{"href":"https:\/\/jusnaturae.com\/en\/wp-json\/wp\/v2\/product\/655","targetHints":{"allow":["GET"]}}],"collection":[{"href":"https:\/\/jusnaturae.com\/en\/wp-json\/wp\/v2\/product"}],"about":[{"href":"https:\/\/jusnaturae.com\/en\/wp-json\/wp\/v2\/types\/product"}],"version-history":[{"count":0,"href":"https:\/\/jusnaturae.com\/en\/wp-json\/wp\/v2\/product\/655\/revisions"}],"wp:featuredmedia":[{"embeddable":true,"href":"https:\/\/jusnaturae.com\/en\/wp-json\/wp\/v2\/media\/287"}],"wp:attachment":[{"href":"https:\/\/jusnaturae.com\/en\/wp-json\/wp\/v2\/media?parent=655"}],"wp:term":[{"taxonomy":"product_brand","embeddable":true,"href":"https:\/\/jusnaturae.com\/en\/wp-json\/wp\/v2\/product_brand?post=655"},{"taxonomy":"product_cat","embeddable":true,"href":"https:\/\/jusnaturae.com\/en\/wp-json\/wp\/v2\/product_cat?post=655"},{"taxonomy":"product_tag","embeddable":true,"href":"https:\/\/jusnaturae.com\/en\/wp-json\/wp\/v2\/product_tag?post=655"}],"curies":[{"name":"wp","href":"https:\/\/api.w.org\/{rel}","templated":true}]}}