{"id":188,"date":"2023-08-17T06:04:29","date_gmt":"2023-08-17T04:04:29","guid":{"rendered":"https:\/\/jusnaturae.com\/?page_id=188"},"modified":"2025-01-29T09:10:09","modified_gmt":"2025-01-29T08:10:09","slug":"ueber-uns","status":"publish","type":"page","link":"https:\/\/jusnaturae.com\/fr\/ueber-uns\/","title":{"rendered":"\u00c0 propos"},"content":{"rendered":"<div data-elementor-type=\"wp-page\" data-elementor-id=\"188\" class=\"elementor elementor-188\" data-elementor-post-type=\"page\">\n\t\t\t\t<div class=\"elementor-element elementor-element-32e71947 e-con-full e-flex e-con e-parent\" data-id=\"32e71947\" data-element_type=\"container\" data-e-type=\"container\" data-settings=\"{&quot;background_background&quot;:&quot;classic&quot;,&quot;animation_mobile&quot;:&quot;fadeInUp&quot;}\">\n\t\t\t\t<\/div>\n\t\t<div class=\"elementor-element elementor-element-6172875 e-flex e-con-boxed e-con e-parent\" data-id=\"6172875\" data-element_type=\"container\" data-e-type=\"container\">\n\t\t\t\t\t<div class=\"e-con-inner\">\n\t\t\t\t<div class=\"elementor-element elementor-element-1a81a63 elementor-view-default elementor-widget elementor-widget-global elementor-global-441 elementor-widget-icon\" data-id=\"1a81a63\" data-element_type=\"widget\" data-e-type=\"widget\" data-settings=\"{&quot;_animation&quot;:&quot;none&quot;}\" data-widget_type=\"icon.default\">\n\t\t\t\t<div class=\"elementor-widget-container\">\n\t\t\t\t\t\t\t<div class=\"elementor-icon-wrapper\">\n\t\t\t<div class=\"elementor-icon\">\n\t\t\t<svg xmlns=\"http:\/\/www.w3.org\/2000\/svg\" xmlns:xlink=\"http:\/\/www.w3.org\/1999\/xlink\" id=\"Lager_1\" x=\"0px\" y=\"0px\" viewbox=\"0 0 414.6 1000\" style=\"enable-background:new 0 0 414.6 1000;\" xml:space=\"preserve\"><style type=\"text\/css\">\t.st0{fill:#A2C7E2;}<\/style><g>\t<g>\t\t<path class=\"st0\" d=\"M94.5,623.8c-31.1-18.8-53.1-39.2-66.1-61.2C15.5,540.5,9,512.3,9,478c0-25.9,4.2-48.4,12.6-67.5   c8.4-19.1,18.1-35.5,29.2-49.1c11-13.6,21.9-24.3,32.6-32.1s18.6-13.3,23.8-16.5c-5.8-5.8-12.5-12.6-19.9-20.4   c-7.5-7.8-14.3-16.8-20.4-27.2c-6.2-10.4-11.3-22-15.6-35c-4.2-13-6.3-27.9-6.3-44.7c0-21.4,4.4-42.3,13.1-62.7S79.5,83.9,96,67.3   s36.3-29.8,59.3-39.9c23-10,49.1-15.1,78.2-15.1c46.7,0,82.8,10.7,108.4,32.1c25.6,21.4,38.4,46.6,38.4,75.8   c0,16.9-3.4,30-10.2,39.4c-6.8,9.4-18.9,14.1-36.4,14.1c-14.3,0-24-3.1-29.2-9.2c-5.2-6.2-7.8-14.1-7.8-23.8   c0-14.9,2.4-26.7,7.3-35.5c4.9-8.7,7.3-19,7.3-30.6c0-14.2-6.5-25.9-19.4-35c-13-9.1-32.4-13.6-58.3-13.6   c-21.4,0-40.2,3.4-56.4,10.2C161,43,147.5,52,136.8,63c-10.7,11-18.6,23.8-23.8,38.4c-5.2,14.6-7.8,30-7.8,46.2   c0,29.2,8.1,53.1,24.3,71.9c16.2,18.8,36.3,35.6,60.3,50.5L321,349.7c16.8,10.4,30.8,20.6,41.8,30.6c11,10.1,19.6,20.4,25.8,31.1   c6.2,10.7,10.5,22.2,13.1,34.5c2.6,12.3,3.9,26.2,3.9,41.8c0,21.4-3.6,41-10.7,58.8c-7.1,17.8-15.7,33.7-25.7,47.6   c-10.1,13.9-20.9,26.1-32.6,36.4c-11.7,10.4-22,19.4-31.1,27.2c9.1,7.1,18.3,15.2,27.7,24.3c9.4,9.1,18,19.4,25.7,31.1   c7.8,11.7,14.2,24.8,19.4,39.4c5.2,14.6,7.8,30.6,7.8,48.1c0,20.1-4.2,41.5-12.6,64.1c-8.4,22.7-20.7,43.6-36.9,62.7   c-16.2,19.1-36.3,35-60.3,47.6c-24,12.6-51.8,18.9-83.6,18.9c-30.5,0-56.5-3.9-78.2-11.7c-21.7-7.8-39.7-17.7-53.9-29.6   c-14.3-12-24.6-25.1-31.1-39.4c-6.5-14.3-9.7-27.9-9.7-40.8s3.4-24.9,10.2-35.9c6.8-11,18.6-16.5,35.5-16.5   c11,0,21.2,2.3,30.6,6.8c9.4,4.5,14.1,13.9,14.1,28.2c0,6.5-1,12.3-2.9,17.5c-1.9,5.2-4.2,10.2-6.8,15.1   c-2.6,4.9-4.9,9.7-6.8,14.6c-1.9,4.9-2.9,10.2-2.9,16c0,3.9,1.6,9.2,4.9,16c3.2,6.8,8.7,13.6,16.5,20.4s18.3,12.8,31.6,18   c13.3,5.2,30.3,7.8,51,7.8c19.4,0,37.1-3.4,53-10.2c15.9-6.8,29.5-16.5,40.8-29.2c11.3-12.6,20.3-27.4,26.7-44.2   c6.5-16.9,9.7-35.6,9.7-56.4c0-24-5.8-46.3-17.5-67.1c-11.7-20.7-31.8-39.9-60.3-57.3L94.5,623.8z M295.7,649   c22.7-16.8,39.9-34.2,51.5-52c11.6-17.8,17.5-38.1,17.5-60.7c0-24-4.9-43.3-14.6-57.8c-9.7-14.6-25-28.3-45.7-41.3L143.1,339   c-4.5-2.6-8.7-5.3-12.6-8.3c-3.9-2.9-7.8-6-11.7-9.2c-19.4,11-37.1,25.4-53,43.3c-15.9,17.8-23.8,38.7-23.8,62.7   c0,22.7,8.3,44.7,24.8,66.1c16.5,21.4,36.1,38.9,58.8,52.5L295.7,649z\"><\/path>\t<\/g><\/g><\/svg>\t\t\t<\/div>\n\t\t<\/div>\n\t\t\t\t\t\t<\/div>\n\t\t\t\t<\/div>\n\t\t\t\t\t<\/div>\n\t\t\t\t<\/div>\n\t\t<div class=\"elementor-element elementor-element-d524d4f e-flex e-con-boxed e-con e-parent\" data-id=\"d524d4f\" data-element_type=\"container\" data-e-type=\"container\">\n\t\t\t\t\t<div class=\"e-con-inner\">\n\t\t<div class=\"elementor-element elementor-element-6c9b490 e-con-full elementor-hidden-mobile e-flex elementor-invisible e-con e-child\" data-id=\"6c9b490\" data-element_type=\"container\" data-e-type=\"container\" data-settings=\"{&quot;animation&quot;:&quot;fadeIn&quot;}\">\n\t\t\t\t<div class=\"elementor-element elementor-element-c38728f elementor-invisible elementor-widget elementor-widget-image\" data-id=\"c38728f\" data-element_type=\"widget\" data-e-type=\"widget\" data-settings=\"{&quot;_animation&quot;:&quot;fadeIn&quot;,&quot;_animation_delay&quot;:200}\" data-widget_type=\"image.default\">\n\t\t\t\t<div class=\"elementor-widget-container\">\n\t\t\t\t\t\t\t\t\t\t\t\t\t\t\t<img fetchpriority=\"high\" decoding=\"async\" width=\"681\" height=\"1024\" src=\"https:\/\/i0.wp.com\/jusnaturae.com\/wp-content\/uploads\/2023\/05\/Z621424.webp?fit=681%2C1024&amp;ssl=1\" class=\"attachment-large size-large wp-image-168\" alt=\"\" srcset=\"https:\/\/i0.wp.com\/jusnaturae.com\/wp-content\/uploads\/2023\/05\/Z621424.webp?w=1277&amp;ssl=1 1277w, https:\/\/i0.wp.com\/jusnaturae.com\/wp-content\/uploads\/2023\/05\/Z621424.webp?resize=200%2C300&amp;ssl=1 200w, https:\/\/i0.wp.com\/jusnaturae.com\/wp-content\/uploads\/2023\/05\/Z621424.webp?resize=681%2C1024&amp;ssl=1 681w, https:\/\/i0.wp.com\/jusnaturae.com\/wp-content\/uploads\/2023\/05\/Z621424.webp?resize=768%2C1155&amp;ssl=1 768w, https:\/\/i0.wp.com\/jusnaturae.com\/wp-content\/uploads\/2023\/05\/Z621424.webp?resize=1022%2C1536&amp;ssl=1 1022w, https:\/\/i0.wp.com\/jusnaturae.com\/wp-content\/uploads\/2023\/05\/Z621424.webp?resize=8%2C12&amp;ssl=1 8w, https:\/\/i0.wp.com\/jusnaturae.com\/wp-content\/uploads\/2023\/05\/Z621424.webp?resize=600%2C902&amp;ssl=1 600w\" sizes=\"(max-width: 681px) 100vw, 681px\" \/>\t\t\t\t\t\t\t\t\t\t\t\t\t\t\t<\/div>\n\t\t\t\t<\/div>\n\t\t\t\t<\/div>\n\t\t<div class=\"elementor-element elementor-element-df546ae e-con-full e-flex e-con e-child\" data-id=\"df546ae\" data-element_type=\"container\" data-e-type=\"container\">\n\t\t\t\t<div class=\"elementor-element elementor-element-715926d elementor-invisible elementor-widget elementor-widget-heading\" data-id=\"715926d\" data-element_type=\"widget\" data-e-type=\"widget\" data-settings=\"{&quot;_animation&quot;:&quot;fadeIn&quot;,&quot;_animation_delay&quot;:200}\" data-widget_type=\"heading.default\">\n\t\t\t\t<div class=\"elementor-widget-container\">\n\t\t\t\t\t<h2 class=\"elementor-heading-title elementor-size-default\">\u00c0 propos<\/h2>\t\t\t\t<\/div>\n\t\t\t\t<\/div>\n\t\t\t\t<div class=\"elementor-element elementor-element-61b7819 elementor-invisible elementor-widget elementor-widget-text-editor\" data-id=\"61b7819\" data-element_type=\"widget\" data-e-type=\"widget\" data-settings=\"{&quot;_animation&quot;:&quot;fadeIn&quot;,&quot;_animation_delay&quot;:400}\" data-widget_type=\"text-editor.default\">\n\t\t\t\t<div class=\"elementor-widget-container\">\n\t\t\t\t\t\t\t\t\t<p>Le domaine viticole Jus Naturae a \u00e9t\u00e9 fond\u00e9 en 2020 par Florian Wecker. Il avait auparavant travaill\u00e9 comme avocat et fondateur, mais n'avait pas trouv\u00e9 la passion et le sens qu'il recherchait.<\/p><p>Passionn\u00e9 de vin, Florian a particip\u00e9 en 2016 aux vendanges du domaine Alois Lageder dans le Tyrol du Sud (Italie), o\u00f9 sa passion pour la viticulture et l'\u0153nologie s'est enfin \u00e9veill\u00e9e. Apr\u00e8s un stage de six mois dans le m\u00eame domaine viticole sous la direction du chef d'exploitation et expert en biodynamie Georg Meissner, il a d\u00e9cid\u00e9 de changer radicalement de carri\u00e8re et de devenir vigneron. Il a ensuite suivi un master en viticulture et \u0153nologie \u00e0 Montpellier, Bordeaux et Lisbonne, accompagn\u00e9 d'exp\u00e9riences pratiques dans la vall\u00e9e du Douro au Portugal (Niepoort), \u00e0 Mendoza en Argentine et enfin sur la Moselle, dans le domaine biodynamique de Rita et Rudi Trossen. C'est l\u00e0 que Florian est tomb\u00e9 spontan\u00e9ment amoureux des vins et du terroir de la Moselle. Il a \u00e9galement \u00e9t\u00e9 fascin\u00e9 par les vins naturels, vifs et pr\u00e9cis, que Rudi Trossen mettait en bouteille.<\/p><p>Lorsque l'occasion s'est pr\u00e9sent\u00e9e d'acqu\u00e9rir un vignoble haut de gamme laiss\u00e9 \u00e0 l'abandon \u00e0 Kinheim, avec de vieilles vignes de riesling, Florian n'a pas h\u00e9sit\u00e9 longtemps avant de restaurer le vignoble menac\u00e9 d'arrachage forc\u00e9. La premi\u00e8re pierre de Jus Naturae \u00e9tait pos\u00e9e. Le domaine viticole exploite aujourd'hui 1,3 hectare de vignes, en mettant l'accent sur les vignobles de haute qualit\u00e9 avec de vieilles vignes de riesling.<\/p><p>\u00a0<\/p>\t\t\t\t\t\t\t\t<\/div>\n\t\t\t\t<\/div>\n\t\t\t\t<div class=\"elementor-element elementor-element-e010a5e elementor-align-left elementor-invisible elementor-widget elementor-widget-button\" data-id=\"e010a5e\" data-element_type=\"widget\" data-e-type=\"widget\" data-settings=\"{&quot;_animation&quot;:&quot;fadeIn&quot;,&quot;_animation_delay&quot;:600}\" data-widget_type=\"button.default\">\n\t\t\t\t<div class=\"elementor-widget-container\">\n\t\t\t\t\t\t\t\t\t<div class=\"elementor-button-wrapper\">\n\t\t\t\t\t<a class=\"elementor-button elementor-button-link elementor-size-sm\" href=\"#dername\">\n\t\t\t\t\t\t<span class=\"elementor-button-content-wrapper\">\n\t\t\t\t\t\t\t\t\t<span class=\"elementor-button-text\">Lire plus<\/span>\n\t\t\t\t\t<\/span>\n\t\t\t\t\t<\/a>\n\t\t\t\t<\/div>\n\t\t\t\t\t\t\t\t<\/div>\n\t\t\t\t<\/div>\n\t\t\t\t<\/div>\n\t\t\t\t\t<\/div>\n\t\t\t\t<\/div>\n\t\t<div class=\"elementor-element elementor-element-1901d10 e-flex e-con-boxed e-con e-parent\" data-id=\"1901d10\" data-element_type=\"container\" data-e-type=\"container\" data-settings=\"{&quot;background_background&quot;:&quot;classic&quot;}\">\n\t\t\t\t\t<div class=\"e-con-inner\">\n\t\t<div class=\"elementor-element elementor-element-ca01d92 e-con-full e-flex e-con e-child\" data-id=\"ca01d92\" data-element_type=\"container\" data-e-type=\"container\">\n\t\t\t\t<div class=\"elementor-element elementor-element-8e621cc elementor-widget elementor-widget-menu-anchor\" data-id=\"8e621cc\" data-element_type=\"widget\" data-e-type=\"widget\" data-widget_type=\"menu-anchor.default\">\n\t\t\t\t<div class=\"elementor-widget-container\">\n\t\t\t\t\t\t\t<div class=\"elementor-menu-anchor\" id=\"dername\"><\/div>\n\t\t\t\t\t\t<\/div>\n\t\t\t\t<\/div>\n\t\t\t\t<div class=\"elementor-element elementor-element-12cd7b8 elementor-widget elementor-widget-heading\" data-id=\"12cd7b8\" data-element_type=\"widget\" data-e-type=\"widget\" data-widget_type=\"heading.default\">\n\t\t\t\t<div class=\"elementor-widget-container\">\n\t\t\t\t\t<h1 class=\"elementor-heading-title elementor-size-default\">Le nomen est omen<\/h1>\t\t\t\t<\/div>\n\t\t\t\t<\/div>\n\t\t\t\t<div class=\"elementor-element elementor-element-9244429 elementor-widget elementor-widget-text-editor\" data-id=\"9244429\" data-element_type=\"widget\" data-e-type=\"widget\" data-widget_type=\"text-editor.default\">\n\t\t\t\t<div class=\"elementor-widget-container\">\n\t\t\t\t\t\t\t\t\t<p>Le nom du domaine, Jus Naturae, vient du latin et signifie \u00ab droit naturel \u00bb. Il exprime le fait que nous respectons autant que possible les lois et les rythmes de la nature et que nous adaptons nos m\u00e9thodes de travail en cons\u00e9quence. Nous sommes en cours de certification biologique, le premier mill\u00e9sime labellis\u00e9 bio \u00e9tant pr\u00e9vu pour 2024.<\/p><p>Le nom refl\u00e8te \u00e9galement le pass\u00e9 professionnel du fondateur, qui \u00e9tait avocat et qui ne s'en tient plus aux lois faites par l'homme, mais aux lois des vignobles.<\/p><p>Enfin, le nom latin est \u00e9galement un hommage aux Romains, qui ont apport\u00e9 la viticulture sur la Moselle.<\/p>\t\t\t\t\t\t\t\t<\/div>\n\t\t\t\t<\/div>\n\t\t\t\t<div class=\"elementor-element elementor-element-9d94729 elementor-widget elementor-widget-button\" data-id=\"9d94729\" data-element_type=\"widget\" data-e-type=\"widget\" data-widget_type=\"button.default\">\n\t\t\t\t<div class=\"elementor-widget-container\">\n\t\t\t\t\t\t\t\t\t<div class=\"elementor-button-wrapper\">\n\t\t\t\t\t<a class=\"elementor-button elementor-button-link elementor-size-sm\" href=\"https:\/\/jusnaturae.com\/fr\/philosophie\/\">\n\t\t\t\t\t\t<span class=\"elementor-button-content-wrapper\">\n\t\t\t\t\t\t\t\t\t<span class=\"elementor-button-text\">Philosophie&gt;&gt;<\/span>\n\t\t\t\t\t<\/span>\n\t\t\t\t\t<\/a>\n\t\t\t\t<\/div>\n\t\t\t\t\t\t\t\t<\/div>\n\t\t\t\t<\/div>\n\t\t\t\t<\/div>\n\t\t\t\t\t<\/div>\n\t\t\t\t<\/div>\n\t\t\t\t<\/div>","protected":false},"excerpt":{"rendered":"<p>\u00dcber Uns Das Weingut Jus Naturae wurde 2020 von Florian Wecker gegr\u00fcndet. Er hatte zuvor als Anwalt und Gr\u00fcnder gearbeitet, aber nicht die Leidenschaft und den Sinn gefunden, nach denen er suchte. Als leidenschaftlicher Weinliebhaber nahm Florian 2016 an der Weinlese auf dem Weingut Alois Lageder in S\u00fcdtirol (Italien) teil, wo seine Begeisterung f\u00fcr den [&hellip;]<\/p>\n","protected":false},"author":2,"featured_media":0,"parent":0,"menu_order":0,"comment_status":"closed","ping_status":"closed","template":"elementor_header_footer","meta":{"footnotes":""},"class_list":["post-188","page","type-page","status-publish","hentry"],"jetpack_sharing_enabled":true,"_links":{"self":[{"href":"https:\/\/jusnaturae.com\/fr\/wp-json\/wp\/v2\/pages\/188","targetHints":{"allow":["GET"]}}],"collection":[{"href":"https:\/\/jusnaturae.com\/fr\/wp-json\/wp\/v2\/pages"}],"about":[{"href":"https:\/\/jusnaturae.com\/fr\/wp-json\/wp\/v2\/types\/page"}],"author":[{"embeddable":true,"href":"https:\/\/jusnaturae.com\/fr\/wp-json\/wp\/v2\/users\/2"}],"replies":[{"embeddable":true,"href":"https:\/\/jusnaturae.com\/fr\/wp-json\/wp\/v2\/comments?post=188"}],"version-history":[{"count":8,"href":"https:\/\/jusnaturae.com\/fr\/wp-json\/wp\/v2\/pages\/188\/revisions"}],"predecessor-version":[{"id":1293,"href":"https:\/\/jusnaturae.com\/fr\/wp-json\/wp\/v2\/pages\/188\/revisions\/1293"}],"wp:attachment":[{"href":"https:\/\/jusnaturae.com\/fr\/wp-json\/wp\/v2\/media?parent=188"}],"curies":[{"name":"wp","href":"https:\/\/api.w.org\/{rel}","templated":true}]}}