{"id":226,"date":"2023-08-17T07:14:09","date_gmt":"2023-08-17T05:14:09","guid":{"rendered":"https:\/\/jusnaturae.com\/?page_id=226"},"modified":"2023-12-05T06:33:24","modified_gmt":"2023-12-05T05:33:24","slug":"weinberge","status":"publish","type":"page","link":"https:\/\/jusnaturae.com\/fr\/weinberge\/","title":{"rendered":"Vignobles"},"content":{"rendered":"<div data-elementor-type=\"wp-page\" data-elementor-id=\"226\" class=\"elementor elementor-226\" data-elementor-post-type=\"page\">\n\t\t\t\t<div class=\"elementor-element elementor-element-17255ad e-con-full e-flex e-con e-parent\" data-id=\"17255ad\" data-element_type=\"container\" data-e-type=\"container\" data-settings=\"{&quot;background_background&quot;:&quot;classic&quot;}\">\n\t\t\t\t<\/div>\n\t\t<div class=\"elementor-element elementor-element-5747e08 e-flex e-con-boxed e-con e-parent\" data-id=\"5747e08\" data-element_type=\"container\" data-e-type=\"container\">\n\t\t\t\t\t<div class=\"e-con-inner\">\n\t\t\t\t<div class=\"elementor-element elementor-element-f465569 elementor-view-default elementor-widget elementor-widget-global elementor-global-441 elementor-widget-icon\" data-id=\"f465569\" data-element_type=\"widget\" data-e-type=\"widget\" data-settings=\"{&quot;_animation&quot;:&quot;none&quot;}\" data-widget_type=\"icon.default\">\n\t\t\t\t<div class=\"elementor-widget-container\">\n\t\t\t\t\t\t\t<div class=\"elementor-icon-wrapper\">\n\t\t\t<div class=\"elementor-icon\">\n\t\t\t<svg xmlns=\"http:\/\/www.w3.org\/2000\/svg\" xmlns:xlink=\"http:\/\/www.w3.org\/1999\/xlink\" id=\"Lager_1\" x=\"0px\" y=\"0px\" viewbox=\"0 0 414.6 1000\" style=\"enable-background:new 0 0 414.6 1000;\" xml:space=\"preserve\"><style type=\"text\/css\">\t.st0{fill:#A2C7E2;}<\/style><g>\t<g>\t\t<path class=\"st0\" d=\"M94.5,623.8c-31.1-18.8-53.1-39.2-66.1-61.2C15.5,540.5,9,512.3,9,478c0-25.9,4.2-48.4,12.6-67.5   c8.4-19.1,18.1-35.5,29.2-49.1c11-13.6,21.9-24.3,32.6-32.1s18.6-13.3,23.8-16.5c-5.8-5.8-12.5-12.6-19.9-20.4   c-7.5-7.8-14.3-16.8-20.4-27.2c-6.2-10.4-11.3-22-15.6-35c-4.2-13-6.3-27.9-6.3-44.7c0-21.4,4.4-42.3,13.1-62.7S79.5,83.9,96,67.3   s36.3-29.8,59.3-39.9c23-10,49.1-15.1,78.2-15.1c46.7,0,82.8,10.7,108.4,32.1c25.6,21.4,38.4,46.6,38.4,75.8   c0,16.9-3.4,30-10.2,39.4c-6.8,9.4-18.9,14.1-36.4,14.1c-14.3,0-24-3.1-29.2-9.2c-5.2-6.2-7.8-14.1-7.8-23.8   c0-14.9,2.4-26.7,7.3-35.5c4.9-8.7,7.3-19,7.3-30.6c0-14.2-6.5-25.9-19.4-35c-13-9.1-32.4-13.6-58.3-13.6   c-21.4,0-40.2,3.4-56.4,10.2C161,43,147.5,52,136.8,63c-10.7,11-18.6,23.8-23.8,38.4c-5.2,14.6-7.8,30-7.8,46.2   c0,29.2,8.1,53.1,24.3,71.9c16.2,18.8,36.3,35.6,60.3,50.5L321,349.7c16.8,10.4,30.8,20.6,41.8,30.6c11,10.1,19.6,20.4,25.8,31.1   c6.2,10.7,10.5,22.2,13.1,34.5c2.6,12.3,3.9,26.2,3.9,41.8c0,21.4-3.6,41-10.7,58.8c-7.1,17.8-15.7,33.7-25.7,47.6   c-10.1,13.9-20.9,26.1-32.6,36.4c-11.7,10.4-22,19.4-31.1,27.2c9.1,7.1,18.3,15.2,27.7,24.3c9.4,9.1,18,19.4,25.7,31.1   c7.8,11.7,14.2,24.8,19.4,39.4c5.2,14.6,7.8,30.6,7.8,48.1c0,20.1-4.2,41.5-12.6,64.1c-8.4,22.7-20.7,43.6-36.9,62.7   c-16.2,19.1-36.3,35-60.3,47.6c-24,12.6-51.8,18.9-83.6,18.9c-30.5,0-56.5-3.9-78.2-11.7c-21.7-7.8-39.7-17.7-53.9-29.6   c-14.3-12-24.6-25.1-31.1-39.4c-6.5-14.3-9.7-27.9-9.7-40.8s3.4-24.9,10.2-35.9c6.8-11,18.6-16.5,35.5-16.5   c11,0,21.2,2.3,30.6,6.8c9.4,4.5,14.1,13.9,14.1,28.2c0,6.5-1,12.3-2.9,17.5c-1.9,5.2-4.2,10.2-6.8,15.1   c-2.6,4.9-4.9,9.7-6.8,14.6c-1.9,4.9-2.9,10.2-2.9,16c0,3.9,1.6,9.2,4.9,16c3.2,6.8,8.7,13.6,16.5,20.4s18.3,12.8,31.6,18   c13.3,5.2,30.3,7.8,51,7.8c19.4,0,37.1-3.4,53-10.2c15.9-6.8,29.5-16.5,40.8-29.2c11.3-12.6,20.3-27.4,26.7-44.2   c6.5-16.9,9.7-35.6,9.7-56.4c0-24-5.8-46.3-17.5-67.1c-11.7-20.7-31.8-39.9-60.3-57.3L94.5,623.8z M295.7,649   c22.7-16.8,39.9-34.2,51.5-52c11.6-17.8,17.5-38.1,17.5-60.7c0-24-4.9-43.3-14.6-57.8c-9.7-14.6-25-28.3-45.7-41.3L143.1,339   c-4.5-2.6-8.7-5.3-12.6-8.3c-3.9-2.9-7.8-6-11.7-9.2c-19.4,11-37.1,25.4-53,43.3c-15.9,17.8-23.8,38.7-23.8,62.7   c0,22.7,8.3,44.7,24.8,66.1c16.5,21.4,36.1,38.9,58.8,52.5L295.7,649z\"><\/path>\t<\/g><\/g><\/svg>\t\t\t<\/div>\n\t\t<\/div>\n\t\t\t\t\t\t<\/div>\n\t\t\t\t<\/div>\n\t\t\t\t\t<\/div>\n\t\t\t\t<\/div>\n\t\t<div class=\"elementor-element elementor-element-19f3ce9 e-flex e-con-boxed e-con e-parent\" data-id=\"19f3ce9\" data-element_type=\"container\" data-e-type=\"container\">\n\t\t\t\t\t<div class=\"e-con-inner\">\n\t\t<div class=\"elementor-element elementor-element-51113ae e-con-full e-flex e-con e-child\" data-id=\"51113ae\" data-element_type=\"container\" data-e-type=\"container\">\n\t\t<div class=\"elementor-element elementor-element-cf842b0 e-con-full e-flex e-con e-child\" data-id=\"cf842b0\" data-element_type=\"container\" data-e-type=\"container\">\n\t\t<div class=\"elementor-element elementor-element-53a7ef9 e-con-full e-flex e-con e-child\" data-id=\"53a7ef9\" data-element_type=\"container\" data-e-type=\"container\">\n\t\t\t\t<div class=\"elementor-element elementor-element-fd5cdf0 elementor-widget elementor-widget-heading\" data-id=\"fd5cdf0\" data-element_type=\"widget\" data-e-type=\"widget\" data-widget_type=\"heading.default\">\n\t\t\t\t<div class=\"elementor-widget-container\">\n\t\t\t\t\t<h3 class=\"elementor-heading-title elementor-size-default\">Vignobles<\/h3>\t\t\t\t<\/div>\n\t\t\t\t<\/div>\n\t\t\t\t<div class=\"elementor-element elementor-element-ac1231d elementor-invisible elementor-widget elementor-widget-heading\" data-id=\"ac1231d\" data-element_type=\"widget\" data-e-type=\"widget\" data-settings=\"{&quot;_animation&quot;:&quot;fadeIn&quot;,&quot;_animation_delay&quot;:200}\" data-widget_type=\"heading.default\">\n\t\t\t\t<div class=\"elementor-widget-container\">\n\t\t\t\t\t<h2 class=\"elementor-heading-title elementor-size-default\">Le vin est un terroir liquide dans le verre<\/h2>\t\t\t\t<\/div>\n\t\t\t\t<\/div>\n\t\t\t\t<div class=\"elementor-element elementor-element-c4a186f elementor-widget elementor-widget-text-editor\" data-id=\"c4a186f\" data-element_type=\"widget\" data-e-type=\"widget\" data-widget_type=\"text-editor.default\">\n\t\t\t\t<div class=\"elementor-widget-container\">\n\t\t\t\t\t\t\t\t\t<p class=\"p1\">Nos vignobles sont tous situ\u00e9s dans la Moyenne Moselle et se r\u00e9partissent entre Kinheim, Erden et Kr\u00f6v. Nous nous concentrons sur un petit nombre de vignobles de qualit\u00e9, qui sont cependant tr\u00e8s difficiles : La plupart du temps extr\u00eamement pentus, souvent encore des vignobles traditionnels de la Moselle \u00e0 un seul pieu, qui n\u00e9cessitent beaucoup de travail manuel et en plus une gestion \u00e9cologique.<\/p><p class=\"p1\">Les sols sont des schistes typiques de la Moselle, qui donnent aux vins leur min\u00e9ralit\u00e9 distinctive.<\/p><p class=\"p1\">Le c\u00e9page absolument dominant chez nous est le Riesling. Cela s'explique d'une part par le fait que nous reprenons presque toujours de vieux vignobles de Riesling. D'autre part, nous pensons que le Riesling est toujours le c\u00e9page le plus remarquable de la Moselle, malgr\u00e9 le changement climatique.<\/p>\t\t\t\t\t\t\t\t<\/div>\n\t\t\t\t<\/div>\n\t\t\t\t<\/div>\n\t\t<div class=\"elementor-element elementor-element-34d2f4b e-con-full elementor-hidden-mobile e-flex e-con e-child\" data-id=\"34d2f4b\" data-element_type=\"container\" data-e-type=\"container\">\n\t\t\t\t<div class=\"elementor-element elementor-element-d2cd4c4 elementor-widget__width-initial elementor-widget elementor-widget-image\" data-id=\"d2cd4c4\" data-element_type=\"widget\" data-e-type=\"widget\" data-widget_type=\"image.default\">\n\t\t\t\t<div class=\"elementor-widget-container\">\n\t\t\t\t\t\t\t\t\t\t\t\t\t\t\t\t<a href=\"https:\/\/i0.wp.com\/jusnaturae.com\/wp-content\/uploads\/2023\/08\/MoselOverhead-Map.png?ssl=1\" data-elementor-open-lightbox=\"yes\" data-elementor-lightbox-title=\"MoselOverhead Map\" data-e-action-hash=\"#elementor-action%3Aaction%3Dlightbox%26settings%3DeyJpZCI6MjM0LCJ1cmwiOiJodHRwczpcL1wvanVzbmF0dXJhZS5jb21cL3dwLWNvbnRlbnRcL3VwbG9hZHNcLzIwMjNcLzA4XC9Nb3NlbE92ZXJoZWFkLU1hcC5wbmcifQ%3D%3D\">\n\t\t\t\t\t\t\t<img fetchpriority=\"high\" decoding=\"async\" width=\"2223\" height=\"2050\" src=\"https:\/\/i0.wp.com\/jusnaturae.com\/wp-content\/uploads\/2023\/08\/MoselOverhead-Map.png?fit=2223%2C2050&amp;ssl=1\" class=\"attachment-full size-full wp-image-234\" alt=\"\" srcset=\"https:\/\/i0.wp.com\/jusnaturae.com\/wp-content\/uploads\/2023\/08\/MoselOverhead-Map.png?w=2223&amp;ssl=1 2223w, https:\/\/i0.wp.com\/jusnaturae.com\/wp-content\/uploads\/2023\/08\/MoselOverhead-Map.png?resize=300%2C277&amp;ssl=1 300w, https:\/\/i0.wp.com\/jusnaturae.com\/wp-content\/uploads\/2023\/08\/MoselOverhead-Map.png?resize=1024%2C944&amp;ssl=1 1024w, https:\/\/i0.wp.com\/jusnaturae.com\/wp-content\/uploads\/2023\/08\/MoselOverhead-Map.png?resize=768%2C708&amp;ssl=1 768w, https:\/\/i0.wp.com\/jusnaturae.com\/wp-content\/uploads\/2023\/08\/MoselOverhead-Map.png?resize=1536%2C1416&amp;ssl=1 1536w, https:\/\/i0.wp.com\/jusnaturae.com\/wp-content\/uploads\/2023\/08\/MoselOverhead-Map.png?resize=2048%2C1889&amp;ssl=1 2048w, https:\/\/i0.wp.com\/jusnaturae.com\/wp-content\/uploads\/2023\/08\/MoselOverhead-Map.png?resize=13%2C12&amp;ssl=1 13w, https:\/\/i0.wp.com\/jusnaturae.com\/wp-content\/uploads\/2023\/08\/MoselOverhead-Map.png?resize=600%2C553&amp;ssl=1 600w\" sizes=\"(max-width: 1280px) 100vw, 1280px\" \/>\t\t\t\t\t\t\t\t<\/a>\n\t\t\t\t\t\t\t\t\t\t\t\t\t\t\t<\/div>\n\t\t\t\t<\/div>\n\t\t\t\t<\/div>\n\t\t\t\t<\/div>\n\t\t<div class=\"elementor-element elementor-element-0ca09af e-con-full e-flex e-con e-child\" data-id=\"0ca09af\" data-element_type=\"container\" data-e-type=\"container\" data-settings=\"{&quot;background_background&quot;:&quot;classic&quot;}\">\n\t\t<div class=\"elementor-element elementor-element-92603f8 e-con-full e-flex e-con e-child\" data-id=\"92603f8\" data-element_type=\"container\" data-e-type=\"container\">\n\t\t\t\t<\/div>\n\t\t\t\t<\/div>\n\t\t<div class=\"elementor-element elementor-element-fe3506c e-con-full e-flex e-con e-child\" data-id=\"fe3506c\" data-element_type=\"container\" data-e-type=\"container\">\n\t\t<div class=\"elementor-element elementor-element-1b5876e e-con-full e-flex e-con e-child\" data-id=\"1b5876e\" data-element_type=\"container\" data-e-type=\"container\">\n\t\t\t\t<div class=\"elementor-element elementor-element-dc2aacb elementor-widget elementor-widget-heading\" data-id=\"dc2aacb\" data-element_type=\"widget\" data-e-type=\"widget\" data-widget_type=\"heading.default\">\n\t\t\t\t<div class=\"elementor-widget-container\">\n\t\t\t\t\t<h3 class=\"elementor-heading-title elementor-size-default\">Kinheimer Hubertuslay<\/h3>\t\t\t\t<\/div>\n\t\t\t\t<\/div>\n\t\t\t\t<div class=\"elementor-element elementor-element-a6786e5 elementor-invisible elementor-widget elementor-widget-heading\" data-id=\"a6786e5\" data-element_type=\"widget\" data-e-type=\"widget\" data-settings=\"{&quot;_animation&quot;:&quot;fadeIn&quot;,&quot;_animation_delay&quot;:200}\" data-widget_type=\"heading.default\">\n\t\t\t\t<div class=\"elementor-widget-container\">\n\t\t\t\t\t<h2 class=\"elementor-heading-title elementor-size-default\">l'\u00e9tat de notre c\u0153ur.<\/h2>\t\t\t\t<\/div>\n\t\t\t\t<\/div>\n\t\t\t\t<div class=\"elementor-element elementor-element-0497d26 elementor-widget elementor-widget-text-editor\" data-id=\"0497d26\" data-element_type=\"widget\" data-e-type=\"widget\" data-widget_type=\"text-editor.default\">\n\t\t\t\t<div class=\"elementor-widget-container\">\n\t\t\t\t\t\t\t\t\tC'est en effet ici que le projet Jus Naturae a d\u00e9but\u00e9 avec un vignoble en phalange unique laiss\u00e9 \u00e0 l'abandon. Nous redonnons continuellement aux vignes de riesling plant\u00e9es en 1979 leur meilleure forme. L'ardoise grise et la pente raide permettent aux vieilles vignes de produire des raisins exceptionnels ann\u00e9e apr\u00e8s ann\u00e9e. Mais le vignoble est \u00e9galement particulier du point de vue du paysage. Prot\u00e9g\u00e9 lat\u00e9ralement par le Rosenberg adjacent, il forme visuellement une sorte d'amphith\u00e9\u00e2tre naturel.\t\t\t\t\t\t\t\t<\/div>\n\t\t\t\t<\/div>\n\t\t\t\t<\/div>\n\t\t\t\t<\/div>\n\t\t<div class=\"elementor-element elementor-element-03abbf4 e-con-full e-flex e-con e-child\" data-id=\"03abbf4\" data-element_type=\"container\" data-e-type=\"container\" data-settings=\"{&quot;background_background&quot;:&quot;classic&quot;}\">\n\t\t<div class=\"elementor-element elementor-element-7b087cf e-con-full e-flex e-con e-child\" data-id=\"7b087cf\" data-element_type=\"container\" data-e-type=\"container\">\n\t\t\t\t<\/div>\n\t\t\t\t<\/div>\n\t\t<div class=\"elementor-element elementor-element-d2634d5 e-con-full e-flex e-con e-child\" data-id=\"d2634d5\" data-element_type=\"container\" data-e-type=\"container\">\n\t\t<div class=\"elementor-element elementor-element-03fa675 e-con-full e-flex e-con e-child\" data-id=\"03fa675\" data-element_type=\"container\" data-e-type=\"container\">\n\t\t\t\t<div class=\"elementor-element elementor-element-c4f6400 elementor-widget elementor-widget-heading\" data-id=\"c4f6400\" data-element_type=\"widget\" data-e-type=\"widget\" data-widget_type=\"heading.default\">\n\t\t\t\t<div class=\"elementor-widget-container\">\n\t\t\t\t\t<h3 class=\"elementor-heading-title elementor-size-default\">Erdener Treppchen<\/h3>\t\t\t\t<\/div>\n\t\t\t\t<\/div>\n\t\t\t\t<div class=\"elementor-element elementor-element-885a917 elementor-invisible elementor-widget elementor-widget-heading\" data-id=\"885a917\" data-element_type=\"widget\" data-e-type=\"widget\" data-settings=\"{&quot;_animation&quot;:&quot;fadeIn&quot;,&quot;_animation_delay&quot;:200}\" data-widget_type=\"heading.default\">\n\t\t\t\t<div class=\"elementor-widget-container\">\n\t\t\t\t\t<h2 class=\"elementor-heading-title elementor-size-default\">notre emplacement le plus prestigieux. <\/h2>\t\t\t\t<\/div>\n\t\t\t\t<\/div>\n\t\t\t\t<div class=\"elementor-element elementor-element-99c4ee4 elementor-widget elementor-widget-text-editor\" data-id=\"99c4ee4\" data-element_type=\"widget\" data-e-type=\"widget\" data-widget_type=\"text-editor.default\">\n\t\t\t\t<div class=\"elementor-widget-container\">\n\t\t\t\t\t\t\t\t\t<p class=\"p1\">Le vignoble est exigeant en termes de travail, car il est tr\u00e8s pentu. Le sol est domin\u00e9 par des schistes gris et rouges. Combin\u00e9 \u00e0 une exposition id\u00e9ale au soleil, il produit des vins exceptionnels. De plus, la via ferrata offre une possibilit\u00e9 id\u00e9ale de profiter du paysage fantastique autour de l'Erdener Treppchen et de se faire une id\u00e9e de l'escarpement des vignobles.<\/p>\t\t\t\t\t\t\t\t<\/div>\n\t\t\t\t<\/div>\n\t\t\t\t<\/div>\n\t\t\t\t<\/div>\n\t\t<div class=\"elementor-element elementor-element-c80f51b e-con-full e-flex e-con e-child\" data-id=\"c80f51b\" data-element_type=\"container\" data-e-type=\"container\" data-settings=\"{&quot;background_background&quot;:&quot;classic&quot;}\">\n\t\t<div class=\"elementor-element elementor-element-68ce3c7 e-con-full e-flex e-con e-child\" data-id=\"68ce3c7\" data-element_type=\"container\" data-e-type=\"container\">\n\t\t\t\t<\/div>\n\t\t\t\t<\/div>\n\t\t<div class=\"elementor-element elementor-element-56b6d9e e-con-full e-flex e-con e-child\" data-id=\"56b6d9e\" data-element_type=\"container\" data-e-type=\"container\">\n\t\t<div class=\"elementor-element elementor-element-9d01434 e-con-full e-flex e-con e-child\" data-id=\"9d01434\" data-element_type=\"container\" data-e-type=\"container\">\n\t\t\t\t<div class=\"elementor-element elementor-element-79d98f0 elementor-widget elementor-widget-heading\" data-id=\"79d98f0\" data-element_type=\"widget\" data-e-type=\"widget\" data-widget_type=\"heading.default\">\n\t\t\t\t<div class=\"elementor-widget-container\">\n\t\t\t\t\t<h3 class=\"elementor-heading-title elementor-size-default\">Kr\u00f6ver Steffensberg<\/h3>\t\t\t\t<\/div>\n\t\t\t\t<\/div>\n\t\t\t\t<div class=\"elementor-element elementor-element-4ad88f0 elementor-invisible elementor-widget elementor-widget-heading\" data-id=\"4ad88f0\" data-element_type=\"widget\" data-e-type=\"widget\" data-settings=\"{&quot;_animation&quot;:&quot;fadeIn&quot;,&quot;_animation_delay&quot;:200}\" data-widget_type=\"heading.default\">\n\t\t\t\t<div class=\"elementor-widget-container\">\n\t\t\t\t\t<h2 class=\"elementor-heading-title elementor-size-default\">Pas aussi pro\u00e9minent que nos autres sites, mais tout aussi bon en termes de qualit\u00e9.<\/h2>\t\t\t\t<\/div>\n\t\t\t\t<\/div>\n\t\t\t\t<div class=\"elementor-element elementor-element-38163e4 elementor-widget elementor-widget-text-editor\" data-id=\"38163e4\" data-element_type=\"widget\" data-e-type=\"widget\" data-widget_type=\"text-editor.default\">\n\t\t\t\t<div class=\"elementor-widget-container\">\n\t\t\t\t\t\t\t\t\t<p class=\"p1\">Les sols sont parsem\u00e9s d'ardoise grise du Devon. Malgr\u00e9 la forte pente, l'alimentation en eau des vieilles vignes est bonne. Une partie de notre vignoble dans le Steffensberg est \u00e9quip\u00e9e d'un syst\u00e8me de treillis m\u00e9tallique, l'autre partie est plant\u00e9e selon le syst\u00e8me classique de piquets individuels de la Moselle. Le vignoble se distingue \u00e9galement par ses paysages. Le visiteur a une vue imprenable sur la boucle de la Moselle et le village de Wolf.<\/p>\t\t\t\t\t\t\t\t<\/div>\n\t\t\t\t<\/div>\n\t\t\t\t<\/div>\n\t\t\t\t<div class=\"elementor-element elementor-element-4fc8912 elementor-mobile-align-center elementor-widget elementor-widget-button\" data-id=\"4fc8912\" data-element_type=\"widget\" data-e-type=\"widget\" data-widget_type=\"button.default\">\n\t\t\t\t<div class=\"elementor-widget-container\">\n\t\t\t\t\t\t\t\t\t<div class=\"elementor-button-wrapper\">\n\t\t\t\t\t<a class=\"elementor-button elementor-button-link elementor-size-md\" href=\"https:\/\/jusnaturae.com\/fr\/keller\/\">\n\t\t\t\t\t\t<span class=\"elementor-button-content-wrapper\">\n\t\t\t\t\t\t\t\t\t<span class=\"elementor-button-text\">Cave<\/span>\n\t\t\t\t\t<\/span>\n\t\t\t\t\t<\/a>\n\t\t\t\t<\/div>\n\t\t\t\t\t\t\t\t<\/div>\n\t\t\t\t<\/div>\n\t\t\t\t<\/div>\n\t\t\t\t<\/div>\n\t\t\t\t\t<\/div>\n\t\t\t\t<\/div>\n\t\t\t\t<\/div>","protected":false},"excerpt":{"rendered":"<p>Weinberge Wein ist fl\u00fcssiges Terroir im Glas Unsere Weinberge befinden sich alle an der Mittelmosel und verteilen sich auf die Orte Kinheim, Erden und Kr\u00f6v. Wir konzentrieren uns auf wenige top Lagen, die allerdings sehr herausfordern sind: Meist extrem steil, oft noch traditionelle Mosel Einzelpfahlanlagen, die viel Handarbeit erfordern und dazu noch die \u00f6kologische Bewirtschaftung. [&hellip;]<\/p>\n","protected":false},"author":2,"featured_media":0,"parent":0,"menu_order":0,"comment_status":"closed","ping_status":"closed","template":"elementor_header_footer","meta":{"footnotes":""},"class_list":["post-226","page","type-page","status-publish","hentry"],"jetpack_sharing_enabled":true,"_links":{"self":[{"href":"https:\/\/jusnaturae.com\/fr\/wp-json\/wp\/v2\/pages\/226","targetHints":{"allow":["GET"]}}],"collection":[{"href":"https:\/\/jusnaturae.com\/fr\/wp-json\/wp\/v2\/pages"}],"about":[{"href":"https:\/\/jusnaturae.com\/fr\/wp-json\/wp\/v2\/types\/page"}],"author":[{"embeddable":true,"href":"https:\/\/jusnaturae.com\/fr\/wp-json\/wp\/v2\/users\/2"}],"replies":[{"embeddable":true,"href":"https:\/\/jusnaturae.com\/fr\/wp-json\/wp\/v2\/comments?post=226"}],"version-history":[{"count":0,"href":"https:\/\/jusnaturae.com\/fr\/wp-json\/wp\/v2\/pages\/226\/revisions"}],"wp:attachment":[{"href":"https:\/\/jusnaturae.com\/fr\/wp-json\/wp\/v2\/media?parent=226"}],"curies":[{"name":"wp","href":"https:\/\/api.w.org\/{rel}","templated":true}]}}