{"id":600,"date":"2023-11-04T12:44:53","date_gmt":"2023-11-04T11:44:53","guid":{"rendered":"https:\/\/jusnaturae.com\/?post_type=product&#038;p=600"},"modified":"2023-12-05T06:43:23","modified_gmt":"2023-12-05T05:43:23","slug":"the-lawyer-2019","status":"publish","type":"product","link":"https:\/\/jusnaturae.com\/fr\/product\/the-lawyer-2019\/","title":{"rendered":"The Lawyer 2019"},"content":{"rendered":"<p>Durch eine minimale Intervention bei der Weinherstellung ist dieser ausgewogene trockene Wei\u00dfwein mit subtilen Fruchtaromen entstanden. Der Wein wird zu 100% aus Rieslingtrauben hergestellt und hat einen angenehmen S\u00e4uregehalt, der dem Wein Frische verleiht. Unterst\u00fctzt wird dies durch die typische Salzigkeit, die von den Schieferb\u00f6den des Moseltals herr\u00fchrt. Die einj\u00e4hrige Reifezeit auf der Hefe gibt dem Wein eine sch\u00f6ne runde Schmelzigkeit. Ein wundersch\u00f6nes Beispiel f\u00fcr einen trockenen Mosel Riesling.<\/p>","protected":false},"excerpt":{"rendered":"<p>Durch eine minimale Intervention bei der Weinherstellung ist dieser ausgewogene trockene Wei\u00dfwein mit subtilen Fruchtaromen entstanden. Der Wein wird zu 100% aus Rieslingtrauben hergestellt und hat einen angenehmen S\u00e4uregehalt, der dem Wein Frische verleiht. Unterst\u00fctzt wird dies durch die typische Salzigkeit, die von den Schieferb\u00f6den des Moseltals herr\u00fchrt. Die einj\u00e4hrige Reifezeit auf der Hefe gibt [&hellip;]<\/p>\n","protected":false},"featured_media":283,"template":"","meta":[],"product_brand":[],"product_cat":[45],"product_tag":[],"class_list":{"0":"post-600","1":"product","2":"type-product","3":"status-publish","4":"has-post-thumbnail","6":"product_cat-qstg","8":"first","9":"instock","10":"taxable","11":"shipping-taxable","12":"purchasable","13":"product-type-simple"},"jetpack_sharing_enabled":true,"_links":{"self":[{"href":"https:\/\/jusnaturae.com\/fr\/wp-json\/wp\/v2\/product\/600","targetHints":{"allow":["GET"]}}],"collection":[{"href":"https:\/\/jusnaturae.com\/fr\/wp-json\/wp\/v2\/product"}],"about":[{"href":"https:\/\/jusnaturae.com\/fr\/wp-json\/wp\/v2\/types\/product"}],"version-history":[{"count":0,"href":"https:\/\/jusnaturae.com\/fr\/wp-json\/wp\/v2\/product\/600\/revisions"}],"wp:featuredmedia":[{"embeddable":true,"href":"https:\/\/jusnaturae.com\/fr\/wp-json\/wp\/v2\/media\/283"}],"wp:attachment":[{"href":"https:\/\/jusnaturae.com\/fr\/wp-json\/wp\/v2\/media?parent=600"}],"wp:term":[{"taxonomy":"product_brand","embeddable":true,"href":"https:\/\/jusnaturae.com\/fr\/wp-json\/wp\/v2\/product_brand?post=600"},{"taxonomy":"product_cat","embeddable":true,"href":"https:\/\/jusnaturae.com\/fr\/wp-json\/wp\/v2\/product_cat?post=600"},{"taxonomy":"product_tag","embeddable":true,"href":"https:\/\/jusnaturae.com\/fr\/wp-json\/wp\/v2\/product_tag?post=600"}],"curies":[{"name":"wp","href":"https:\/\/api.w.org\/{rel}","templated":true}]}}