{"id":613,"date":"2023-11-04T13:46:53","date_gmt":"2023-11-04T12:46:53","guid":{"rendered":"https:\/\/jusnaturae.com\/?post_type=product&#038;p=613"},"modified":"2023-12-05T06:42:45","modified_gmt":"2023-12-05T05:42:45","slug":"the-lawyer-pet-nat-2022","status":"publish","type":"product","link":"https:\/\/jusnaturae.com\/fr\/product\/the-lawyer-pet-nat-2022\/","title":{"rendered":"The Lawyer Pet Nat 2022"},"content":{"rendered":"<p>Dieser Pet Nat (P\u00e9tillant Naturel) wurde aus Gew\u00fcrztraminer-Trauben hergestellt. Der unfiltrierte Deutsche Perlwein ist frisch, spritzig und aromatisch mit einer gut integrierten leicht bitteren Note. Die Hefe verleiht ihm eine gewisse Cremigkeit. Wenn weniger Tr\u00fcbung gew\u00fcnscht ist, einfach in aufrechter Position k\u00fchlen, so dass sich die Hefe absetzen kann.<\/p>","protected":false},"excerpt":{"rendered":"<p>Dieser Pet Nat (P\u00e9tillant Naturel) wurde aus Gew\u00fcrztraminer-Trauben hergestellt. Der unfiltrierte Deutsche Perlwein ist frisch, spritzig und aromatisch mit einer gut integrierten leicht bitteren Note. Die Hefe verleiht ihm eine gewisse Cremigkeit. Wenn weniger Tr\u00fcbung gew\u00fcnscht ist, einfach in aufrechter Position k\u00fchlen, so dass sich die Hefe absetzen kann.<\/p>","protected":false},"featured_media":290,"template":"","meta":[],"product_brand":[],"product_cat":[45],"product_tag":[],"class_list":{"0":"post-613","1":"product","2":"type-product","3":"status-publish","4":"has-post-thumbnail","6":"product_cat-qstg","8":"first","9":"instock","10":"taxable","11":"shipping-taxable","12":"purchasable","13":"product-type-simple"},"jetpack_sharing_enabled":true,"_links":{"self":[{"href":"https:\/\/jusnaturae.com\/fr\/wp-json\/wp\/v2\/product\/613","targetHints":{"allow":["GET"]}}],"collection":[{"href":"https:\/\/jusnaturae.com\/fr\/wp-json\/wp\/v2\/product"}],"about":[{"href":"https:\/\/jusnaturae.com\/fr\/wp-json\/wp\/v2\/types\/product"}],"version-history":[{"count":0,"href":"https:\/\/jusnaturae.com\/fr\/wp-json\/wp\/v2\/product\/613\/revisions"}],"wp:featuredmedia":[{"embeddable":true,"href":"https:\/\/jusnaturae.com\/fr\/wp-json\/wp\/v2\/media\/290"}],"wp:attachment":[{"href":"https:\/\/jusnaturae.com\/fr\/wp-json\/wp\/v2\/media?parent=613"}],"wp:term":[{"taxonomy":"product_brand","embeddable":true,"href":"https:\/\/jusnaturae.com\/fr\/wp-json\/wp\/v2\/product_brand?post=613"},{"taxonomy":"product_cat","embeddable":true,"href":"https:\/\/jusnaturae.com\/fr\/wp-json\/wp\/v2\/product_cat?post=613"},{"taxonomy":"product_tag","embeddable":true,"href":"https:\/\/jusnaturae.com\/fr\/wp-json\/wp\/v2\/product_tag?post=613"}],"curies":[{"name":"wp","href":"https:\/\/api.w.org\/{rel}","templated":true}]}}