{"id":628,"date":"2023-11-04T11:21:30","date_gmt":"2023-11-04T10:21:30","guid":{"rendered":"https:\/\/jusnaturae.com\/?post_type=product&#038;p=628"},"modified":"2024-01-30T09:50:38","modified_gmt":"2024-01-30T08:50:38","slug":"the-investor-2019","status":"publish","type":"product","link":"https:\/\/jusnaturae.com\/fr\/product\/the-investor-2019\/","title":{"rendered":"The Investor 2019"},"content":{"rendered":"<p>Dieser Wein ist Teil des #QSTG Projekts. Ein Projekt von inspirierenden Personen aus verschiedenen Regionen und L\u00e4ndern, die ihre fr\u00fcheren Karrieren hinter sich gelassen haben, um ihrer wahren Leidenschaft zu folgen: dem Weinmachen.<br \/>\nDer Investor ist ein gro\u00dfartiges Beispiel f\u00fcr St\u00e9phane Monmouseaus Idee der minimalen Intervention bei der Weinherstellung mit einheimischen Rebsorten. Ein Bio-Rotwein aus Carignan mit minimalem Sulfitzusatz, der das volle Potenzial des Terroirs des Languedoc zum Ausdruck bringt. Der im Edelstahltank ausgebaute Wein ist lebendig, fruchtig, kraftvoll und frisch zugleich.<\/p>","protected":false},"excerpt":{"rendered":"<p>Dieser Wein ist Teil des #QSTG Projekts. Ein Projekt von inspirierenden Personen aus verschiedenen Regionen und L\u00e4ndern, die ihre fr\u00fcheren Karrieren hinter sich gelassen haben, um ihrer wahren Leidenschaft zu folgen: dem Weinmachen. Der Investor ist ein gro\u00dfartiges Beispiel f\u00fcr St\u00e9phane Monmouseaus Idee der minimalen Intervention bei der Weinherstellung mit einheimischen Rebsorten. Ein Bio-Rotwein aus [&hellip;]<\/p>\n","protected":false},"featured_media":281,"template":"","meta":[],"product_brand":[],"product_cat":[45],"product_tag":[],"class_list":{"0":"post-628","1":"product","2":"type-product","3":"status-publish","4":"has-post-thumbnail","6":"product_cat-qstg","8":"first","9":"instock","10":"taxable","11":"shipping-taxable","12":"purchasable","13":"product-type-simple"},"jetpack_sharing_enabled":true,"_links":{"self":[{"href":"https:\/\/jusnaturae.com\/fr\/wp-json\/wp\/v2\/product\/628","targetHints":{"allow":["GET"]}}],"collection":[{"href":"https:\/\/jusnaturae.com\/fr\/wp-json\/wp\/v2\/product"}],"about":[{"href":"https:\/\/jusnaturae.com\/fr\/wp-json\/wp\/v2\/types\/product"}],"version-history":[{"count":1,"href":"https:\/\/jusnaturae.com\/fr\/wp-json\/wp\/v2\/product\/628\/revisions"}],"predecessor-version":[{"id":1240,"href":"https:\/\/jusnaturae.com\/fr\/wp-json\/wp\/v2\/product\/628\/revisions\/1240"}],"wp:featuredmedia":[{"embeddable":true,"href":"https:\/\/jusnaturae.com\/fr\/wp-json\/wp\/v2\/media\/281"}],"wp:attachment":[{"href":"https:\/\/jusnaturae.com\/fr\/wp-json\/wp\/v2\/media?parent=628"}],"wp:term":[{"taxonomy":"product_brand","embeddable":true,"href":"https:\/\/jusnaturae.com\/fr\/wp-json\/wp\/v2\/product_brand?post=628"},{"taxonomy":"product_cat","embeddable":true,"href":"https:\/\/jusnaturae.com\/fr\/wp-json\/wp\/v2\/product_cat?post=628"},{"taxonomy":"product_tag","embeddable":true,"href":"https:\/\/jusnaturae.com\/fr\/wp-json\/wp\/v2\/product_tag?post=628"}],"curies":[{"name":"wp","href":"https:\/\/api.w.org\/{rel}","templated":true}]}}