{"id":651,"date":"2023-11-04T11:05:20","date_gmt":"2023-11-04T10:05:20","guid":{"rendered":"https:\/\/jusnaturae.com\/?post_type=product&#038;p=651"},"modified":"2024-01-30T09:47:41","modified_gmt":"2024-01-30T08:47:41","slug":"the-journalist-2018","status":"publish","type":"product","link":"https:\/\/jusnaturae.com\/fr\/product\/the-journalist-2018\/","title":{"rendered":"The Journalist 2018"},"content":{"rendered":"<p>Dieser Wein ist Teil des #QSTG Projekts. Ein Projekt von inspirierenden Menschen aus verschiedenen Regionen und L\u00e4ndern, die ihre fr\u00fcheren Karrieren hinter sich gelassen haben, um ihrer wahren Leidenschaft zu folgen: dem Weinmachen.<\/p>\n<p>Der Journalist ist Martin Sturms gro\u00dfartige Interpretation des puristischen k\u00fchlen Klimas des Pinot Noir vom Mittelrhein in Deutschland. Ein eleganter, leichter, trockener Rotwein voller roter Fr\u00fcchte, frischer S\u00e4ure und sanften Tanninen, der durch ein Jahr Fassausbau abgerundet wird. Das Ergebnis ist fortschrittliches Storytelling in der Flasche.<\/p>","protected":false},"excerpt":{"rendered":"<p>Dieser Wein ist Teil des #QSTG Projekts. Ein Projekt von inspirierenden Menschen aus verschiedenen Regionen und L\u00e4ndern, die ihre fr\u00fcheren Karrieren hinter sich gelassen haben, um ihrer wahren Leidenschaft zu folgen: dem Weinmachen. Der Journalist ist Martin Sturms gro\u00dfartige Interpretation des puristischen k\u00fchlen Klimas des Pinot Noir vom Mittelrhein in Deutschland. Ein eleganter, leichter, trockener [&hellip;]<\/p>\n","protected":false},"featured_media":282,"template":"","meta":[],"product_brand":[],"product_cat":[45],"product_tag":[],"class_list":{"0":"post-651","1":"product","2":"type-product","3":"status-publish","4":"has-post-thumbnail","6":"product_cat-qstg","8":"first","9":"instock","10":"taxable","11":"shipping-taxable","12":"purchasable","13":"product-type-simple"},"jetpack_sharing_enabled":true,"_links":{"self":[{"href":"https:\/\/jusnaturae.com\/fr\/wp-json\/wp\/v2\/product\/651","targetHints":{"allow":["GET"]}}],"collection":[{"href":"https:\/\/jusnaturae.com\/fr\/wp-json\/wp\/v2\/product"}],"about":[{"href":"https:\/\/jusnaturae.com\/fr\/wp-json\/wp\/v2\/types\/product"}],"version-history":[{"count":1,"href":"https:\/\/jusnaturae.com\/fr\/wp-json\/wp\/v2\/product\/651\/revisions"}],"predecessor-version":[{"id":1239,"href":"https:\/\/jusnaturae.com\/fr\/wp-json\/wp\/v2\/product\/651\/revisions\/1239"}],"wp:featuredmedia":[{"embeddable":true,"href":"https:\/\/jusnaturae.com\/fr\/wp-json\/wp\/v2\/media\/282"}],"wp:attachment":[{"href":"https:\/\/jusnaturae.com\/fr\/wp-json\/wp\/v2\/media?parent=651"}],"wp:term":[{"taxonomy":"product_brand","embeddable":true,"href":"https:\/\/jusnaturae.com\/fr\/wp-json\/wp\/v2\/product_brand?post=651"},{"taxonomy":"product_cat","embeddable":true,"href":"https:\/\/jusnaturae.com\/fr\/wp-json\/wp\/v2\/product_cat?post=651"},{"taxonomy":"product_tag","embeddable":true,"href":"https:\/\/jusnaturae.com\/fr\/wp-json\/wp\/v2\/product_tag?post=651"}],"curies":[{"name":"wp","href":"https:\/\/api.w.org\/{rel}","templated":true}]}}