{"id":655,"date":"2023-11-04T16:22:06","date_gmt":"2023-11-04T15:22:06","guid":{"rendered":"https:\/\/jusnaturae.com\/?post_type=product&#038;p=655"},"modified":"2023-12-05T06:42:05","modified_gmt":"2023-12-05T05:42:05","slug":"ri_orange-2020","status":"publish","type":"product","link":"https:\/\/jusnaturae.com\/fr\/product\/ri_orange-2020\/","title":{"rendered":"Ri_Orange 2020"},"content":{"rendered":"<p>Vin orange complexe issu de raisins Riesling. Le vin a une belle structure gr\u00e2ce aux tanins extraits pendant la mac\u00e9ration de trois semaines. Plus de deux ans d'\u00e9levage en barrique ont permis d'arrondir les tanins, ce qui rend le vin \u00e9quilibr\u00e9 et vif, sans perdre sa structure et sa complexit\u00e9. Les ar\u00f4mes du vin \u00e9voquent un m\u00e9lange d'herbes sauvages avec une touche d'\u00e9pices et de fum\u00e9e. Il reste n\u00e9anmoins une fra\u00eecheur et une min\u00e9ralit\u00e9 p\u00e9tillantes.<\/p>","protected":false},"excerpt":{"rendered":"<p>Komplexer Orangewein aus Rieslingtrauben. Der Wein hat eine sch\u00f6ne Struktur dank der Gerbstoffe, die w\u00e4hrend der dreiw\u00f6chigen Mazeration extrahiert wurden. Mehr als zwei Jahre Ausbau im Barrique haben die Tannine abgerundet, was den Wein ausgewogen und lebendig macht, ohne seine Struktur und Komplexit\u00e4t zu verlieren. Die Aromen des Weins erinnern an eine Mischung aus wilden [&hellip;]<\/p>\n","protected":false},"featured_media":287,"template":"","meta":[],"product_brand":[],"product_cat":[46],"product_tag":[],"class_list":{"0":"post-655","1":"product","2":"type-product","3":"status-publish","4":"has-post-thumbnail","6":"product_cat-nudus","8":"first","9":"instock","10":"taxable","11":"shipping-taxable","12":"purchasable","13":"product-type-simple"},"jetpack_sharing_enabled":true,"_links":{"self":[{"href":"https:\/\/jusnaturae.com\/fr\/wp-json\/wp\/v2\/product\/655","targetHints":{"allow":["GET"]}}],"collection":[{"href":"https:\/\/jusnaturae.com\/fr\/wp-json\/wp\/v2\/product"}],"about":[{"href":"https:\/\/jusnaturae.com\/fr\/wp-json\/wp\/v2\/types\/product"}],"version-history":[{"count":0,"href":"https:\/\/jusnaturae.com\/fr\/wp-json\/wp\/v2\/product\/655\/revisions"}],"wp:featuredmedia":[{"embeddable":true,"href":"https:\/\/jusnaturae.com\/fr\/wp-json\/wp\/v2\/media\/287"}],"wp:attachment":[{"href":"https:\/\/jusnaturae.com\/fr\/wp-json\/wp\/v2\/media?parent=655"}],"wp:term":[{"taxonomy":"product_brand","embeddable":true,"href":"https:\/\/jusnaturae.com\/fr\/wp-json\/wp\/v2\/product_brand?post=655"},{"taxonomy":"product_cat","embeddable":true,"href":"https:\/\/jusnaturae.com\/fr\/wp-json\/wp\/v2\/product_cat?post=655"},{"taxonomy":"product_tag","embeddable":true,"href":"https:\/\/jusnaturae.com\/fr\/wp-json\/wp\/v2\/product_tag?post=655"}],"curies":[{"name":"wp","href":"https:\/\/api.w.org\/{rel}","templated":true}]}}