{"id":656,"date":"2023-11-04T16:23:51","date_gmt":"2023-11-04T15:23:51","guid":{"rendered":"https:\/\/jusnaturae.com\/?post_type=product&#038;p=656"},"modified":"2023-12-05T06:40:58","modified_gmt":"2023-12-05T05:40:58","slug":"nudus-steffen-2020","status":"publish","type":"product","link":"https:\/\/jusnaturae.com\/fr\/product\/nudus-steffen-2020\/","title":{"rendered":"Nudus Steffen 2020"},"content":{"rendered":"<p>Vin naturel frais et vif, facile d'acc\u00e8s pour ceux qui n'ont pas d'exp\u00e9rience en mati\u00e8re de vins \u00e0 faible intervention. Des notes subtiles de pomme cuite, d'agrumes, d'herbes fines et de pierre humide au nez. La bouche est s\u00e8che \u00e0 l'os avec une sensation de bouche cr\u00e9meuse, une acidit\u00e9 moyenne et une salinit\u00e9 min\u00e9rale. \u00c9quilibr\u00e9 et d'une complexit\u00e9 qui se r\u00e9v\u00e8le davantage avec l'oxyg\u00e8ne.<\/p>","protected":false},"excerpt":{"rendered":"<p>Vin naturel frais et vif, facile d'acc\u00e8s pour ceux qui n'ont pas d'exp\u00e9rience en mati\u00e8re de vins \u00e0 faible intervention. Des notes subtiles de pomme cuite, d'agrumes, d'herbes fines et de pierre humide au nez. La bouche est s\u00e8che \u00e0 l'os avec une sensation de bouche cr\u00e9meuse, une acidit\u00e9 moyenne et une salinit\u00e9 min\u00e9rale. \u00c9quilibr\u00e9 et d'une complexit\u00e9 qui se r\u00e9v\u00e8le davantage avec l'oxyg\u00e8ne.<\/p>","protected":false},"featured_media":288,"template":"","meta":[],"product_brand":[],"product_cat":[46],"product_tag":[],"class_list":{"0":"post-656","1":"product","2":"type-product","3":"status-publish","4":"has-post-thumbnail","6":"product_cat-nudus","8":"first","9":"instock","10":"taxable","11":"shipping-taxable","12":"purchasable","13":"product-type-simple"},"jetpack_sharing_enabled":true,"_links":{"self":[{"href":"https:\/\/jusnaturae.com\/fr\/wp-json\/wp\/v2\/product\/656","targetHints":{"allow":["GET"]}}],"collection":[{"href":"https:\/\/jusnaturae.com\/fr\/wp-json\/wp\/v2\/product"}],"about":[{"href":"https:\/\/jusnaturae.com\/fr\/wp-json\/wp\/v2\/types\/product"}],"version-history":[{"count":0,"href":"https:\/\/jusnaturae.com\/fr\/wp-json\/wp\/v2\/product\/656\/revisions"}],"wp:featuredmedia":[{"embeddable":true,"href":"https:\/\/jusnaturae.com\/fr\/wp-json\/wp\/v2\/media\/288"}],"wp:attachment":[{"href":"https:\/\/jusnaturae.com\/fr\/wp-json\/wp\/v2\/media?parent=656"}],"wp:term":[{"taxonomy":"product_brand","embeddable":true,"href":"https:\/\/jusnaturae.com\/fr\/wp-json\/wp\/v2\/product_brand?post=656"},{"taxonomy":"product_cat","embeddable":true,"href":"https:\/\/jusnaturae.com\/fr\/wp-json\/wp\/v2\/product_cat?post=656"},{"taxonomy":"product_tag","embeddable":true,"href":"https:\/\/jusnaturae.com\/fr\/wp-json\/wp\/v2\/product_tag?post=656"}],"curies":[{"name":"wp","href":"https:\/\/api.w.org\/{rel}","templated":true}]}}