{"id":657,"date":"2023-11-04T16:28:44","date_gmt":"2023-11-04T15:28:44","guid":{"rendered":"https:\/\/jusnaturae.com\/?post_type=product&#038;p=657"},"modified":"2023-12-05T06:39:45","modified_gmt":"2023-12-05T05:39:45","slug":"nudus-hubertus-2020","status":"publish","type":"product","link":"https:\/\/jusnaturae.com\/fr\/product\/nudus-hubertus-2020\/","title":{"rendered":"Nudus Hubertus 2020"},"content":{"rendered":"<p>Vin naturel tr\u00e8s complexe qui a subi une l\u00e9g\u00e8re oxydation. En raison de cette m\u00e9thode de production, le vin n'est pas fortement marqu\u00e9 par des ar\u00f4mes primaires fruit\u00e9s typiques. Au lieu de cela, ce vin puissant pr\u00e9sente des ar\u00f4mes secondaires et tertiaires complexes qui sont le r\u00e9sultat de la fermentation et de l'\u00e9levage de plus de deux ans sur lies totales. N\u00e9anmoins, la min\u00e9ralit\u00e9 typique du terroir de schiste de la Moselle est pr\u00e9serv\u00e9e. Il s'agit plut\u00f4t d'un vin pour des accords gastronomiques savants ou pour une d\u00e9gustation concentr\u00e9e.<\/p>","protected":false},"excerpt":{"rendered":"<p>Sehr komplexer Naturwein, der leicht oxidativ ausgebaut wurde. Aufgrund dieser Art der Herstellung ist der Wein nicht stark von typischen fruchtigen Prim\u00e4raromen gepr\u00e4gt. Stattdessen zeigt der kraftvolle Wein komplexe sekund\u00e4re und terti\u00e4re Aromen, die durch die G\u00e4rung und den mehr als zweij\u00e4hrigen Ausbau auf der Vollhefe entstanden sind. Trotzdem bleibt die typische Mineralit\u00e4t des Moselschieferterroirs [&hellip;]<\/p>\n","protected":false},"featured_media":286,"template":"","meta":[],"product_brand":[],"product_cat":[46],"product_tag":[],"class_list":{"0":"post-657","1":"product","2":"type-product","3":"status-publish","4":"has-post-thumbnail","6":"product_cat-nudus","8":"first","9":"instock","10":"taxable","11":"shipping-taxable","12":"purchasable","13":"product-type-simple"},"jetpack_sharing_enabled":true,"_links":{"self":[{"href":"https:\/\/jusnaturae.com\/fr\/wp-json\/wp\/v2\/product\/657","targetHints":{"allow":["GET"]}}],"collection":[{"href":"https:\/\/jusnaturae.com\/fr\/wp-json\/wp\/v2\/product"}],"about":[{"href":"https:\/\/jusnaturae.com\/fr\/wp-json\/wp\/v2\/types\/product"}],"version-history":[{"count":0,"href":"https:\/\/jusnaturae.com\/fr\/wp-json\/wp\/v2\/product\/657\/revisions"}],"wp:featuredmedia":[{"embeddable":true,"href":"https:\/\/jusnaturae.com\/fr\/wp-json\/wp\/v2\/media\/286"}],"wp:attachment":[{"href":"https:\/\/jusnaturae.com\/fr\/wp-json\/wp\/v2\/media?parent=657"}],"wp:term":[{"taxonomy":"product_brand","embeddable":true,"href":"https:\/\/jusnaturae.com\/fr\/wp-json\/wp\/v2\/product_brand?post=657"},{"taxonomy":"product_cat","embeddable":true,"href":"https:\/\/jusnaturae.com\/fr\/wp-json\/wp\/v2\/product_cat?post=657"},{"taxonomy":"product_tag","embeddable":true,"href":"https:\/\/jusnaturae.com\/fr\/wp-json\/wp\/v2\/product_tag?post=657"}],"curies":[{"name":"wp","href":"https:\/\/api.w.org\/{rel}","templated":true}]}}