{"id":658,"date":"2023-11-04T16:31:57","date_gmt":"2023-11-04T15:31:57","guid":{"rendered":"https:\/\/jusnaturae.com\/?post_type=product&#038;p=658"},"modified":"2023-12-05T06:39:07","modified_gmt":"2023-12-05T05:39:07","slug":"kroever-steffensberg-spaetlese-2020","status":"publish","type":"product","link":"https:\/\/jusnaturae.com\/fr\/product\/kroever-steffensberg-spaetlese-2020\/","title":{"rendered":"Kr\u00f6ver Steffensberg Sp\u00e4tlese 2020"},"content":{"rendered":"<p>Ce vin a \u00e9t\u00e9 \u00e9labor\u00e9 \u00e0 partir de raisins provenant du m\u00eame vignoble et du m\u00eame mill\u00e9sime que le Nudus Steffen. Seule la vinification diff\u00e8re : bien que ce vin soit \u00e9galement ferment\u00e9 spontan\u00e9ment, il a \u00e9t\u00e9 \u00e9lev\u00e9 18 mois en cuve inox au lieu de l'ancien f\u00fbt. Il est \u00e9galement filtr\u00e9 et l\u00e9g\u00e8rement sulfit\u00e9 avant la mise en bouteille. Contrairement \u00e0 la plupart des vendanges tardives de riesling allemand, ce vin blanc est sec comme un os. Les ar\u00f4mes vont du citron vert \u00e0 la pomme verte, en passant par les herbes fra\u00eeches et la brioche. La bonne acidit\u00e9 conf\u00e8re au vin de la fra\u00eecheur et de la buvabilit\u00e9. La finale laisse une belle salinit\u00e9 min\u00e9rale.<\/p>","protected":false},"excerpt":{"rendered":"<p>Dieser Wein wurde aus Trauben des selben Weinbergs und des selben Jahrgangs wie der Nudus Steffen hergestellt. Nur in der Vinifizierung unterscheiden sie sich: Zwar ist auch dieser Wein spontan vergoren, allerdings 18 Monate im Edelstahltank statt im alten Fuder ausgebaut. Au\u00dferdem ist er filtriert und vor der Abf\u00fcllung leicht geschwefelt. Im Gegensatz zu den [&hellip;]<\/p>\n","protected":false},"featured_media":291,"template":"","meta":[],"product_brand":[],"product_cat":[47],"product_tag":[],"class_list":{"0":"post-658","1":"product","2":"type-product","3":"status-publish","4":"has-post-thumbnail","6":"product_cat-classical","8":"first","9":"instock","10":"taxable","11":"shipping-taxable","12":"purchasable","13":"product-type-simple"},"jetpack_sharing_enabled":true,"_links":{"self":[{"href":"https:\/\/jusnaturae.com\/fr\/wp-json\/wp\/v2\/product\/658","targetHints":{"allow":["GET"]}}],"collection":[{"href":"https:\/\/jusnaturae.com\/fr\/wp-json\/wp\/v2\/product"}],"about":[{"href":"https:\/\/jusnaturae.com\/fr\/wp-json\/wp\/v2\/types\/product"}],"version-history":[{"count":0,"href":"https:\/\/jusnaturae.com\/fr\/wp-json\/wp\/v2\/product\/658\/revisions"}],"wp:featuredmedia":[{"embeddable":true,"href":"https:\/\/jusnaturae.com\/fr\/wp-json\/wp\/v2\/media\/291"}],"wp:attachment":[{"href":"https:\/\/jusnaturae.com\/fr\/wp-json\/wp\/v2\/media?parent=658"}],"wp:term":[{"taxonomy":"product_brand","embeddable":true,"href":"https:\/\/jusnaturae.com\/fr\/wp-json\/wp\/v2\/product_brand?post=658"},{"taxonomy":"product_cat","embeddable":true,"href":"https:\/\/jusnaturae.com\/fr\/wp-json\/wp\/v2\/product_cat?post=658"},{"taxonomy":"product_tag","embeddable":true,"href":"https:\/\/jusnaturae.com\/fr\/wp-json\/wp\/v2\/product_tag?post=658"}],"curies":[{"name":"wp","href":"https:\/\/api.w.org\/{rel}","templated":true}]}}